{"id":2104,"date":"2014-05-27T07:42:39","date_gmt":"2014-05-27T07:42:39","guid":{"rendered":"https:\/\/www.bamusteelworks.com\/sk\/public-calls-for-tender\/"},"modified":"2016-12-14T16:50:49","modified_gmt":"2016-12-14T15:50:49","slug":"vyzva-na-predkladanie-ponuk","status":"publish","type":"page","link":"https:\/\/www.bamusteelworks.com\/sk\/news\/vyzva-na-predkladanie-ponuk\/","title":{"rendered":"V\u00fdzva na predkladanie pon\u00fak"},"content":{"rendered":"<h3>N\u00e1zov projektu: Dod\u00e1vka vodorovn\u00e9ho fr\u00e9zovacieho a vyv\u0155tavacieho stroja<\/h3>\n<div class=\"gdlr-shortcode-wrapper gdlr-row-shortcode\">\r\n<div class=\"eight columns\"><div class=\"gdlr-item gdlr-column-shortcode\">\r\n\r\n<strong>Obstar\u00e1vate\u013e: BAMU s.r.o.<\/strong><br>\r\n\r\nPredpokladan\u00e1 hodnota z\u00e1kazky: \u20ac 277 802,00<br>\r\n\r\nD\u00e1tum zah\u00e1jenia: 05\/2014<br>\r\n\r\nD\u00e1tum ukon\u010denia: 12\/2015<br>\r\n\r\nCie\u013eom tohto projektu je n\u00e1kup modern\u00fdch v\u00fdrobn\u00fdch technol\u00f3gi\u00ed v oblasti spracovania, predov\u0161etk\u00fdm n\u00e1kup nov\u00fdch vysokotechnologick\u00fdch CNC zariaden\u00ed s vy\u0161\u0161\u00edmi parametrami \u00fa\u017eitkovej hodnoty na zlep\u0161enie produktivity obstar\u00e1vate\u013ea. Tento projekt je financovan\u00fd s podporou E\u00da v r\u00e1mci Opera\u010dn\u00e9ho programu Konkurencieschopnos\u0165 a hospod\u00e1rsky rast \u2013 1.1 Inov\u00e1cie a technologick\u00e9 transfery, k\u00f3d: CEG-111SP-1201.<br>\r\n\r\n<a href=\"http:\/\/www.economy.gov.sk\">www.economy.gov.sk<\/a>\r\n\r\n<\/div><\/div>\r\n<div class=\"four columns\"><div class=\"gdlr-item gdlr-column-shortcode\">\r\n\r\n<a href=\"https:\/\/www.bamusteelworks.com\/wp-content\/uploads\/2014\/05\/bamu_pam\u00e4tn\u00e1-doska.jpg\"><img loading=\"lazy\" decoding=\"async\" class=\"aligncenter wp-image-2093 size-full\" src=\"https:\/\/www.bamusteelworks.com\/wp-content\/uploads\/2014\/05\/bamu_pam\u00e4tn\u00e1-doska.jpg\" alt=\"bamu_pamatna-doska\" width=\"1417\" height=\"850\" srcset=\"https:\/\/www.bamusteelworks.com\/wp-content\/uploads\/2014\/05\/bamu_pam\u00e4tn\u00e1-doska.jpg 1417w, https:\/\/www.bamusteelworks.com\/wp-content\/uploads\/2014\/05\/bamu_pam\u00e4tn\u00e1-doska-300x180.jpg 300w, https:\/\/www.bamusteelworks.com\/wp-content\/uploads\/2014\/05\/bamu_pam\u00e4tn\u00e1-doska-1024x614.jpg 1024w\" sizes=\"auto, (max-width: 1417px) 100vw, 1417px\" \/><\/a>\r\n\r\n<\/div><\/div>\r\n<div class=\"clear\"><\/div><\/div>\n<div class=\"gdlr-shortcode-wrapper\"><div class=\"clear\"><\/div><div class=\"gdlr-item gdlr-divider-item\"  ><div class=\"gdlr-divider solid\"  style=\"width: 100%;\" ><\/div><\/div><\/div>\n<h3>Zverejnenie zmluvy na n\u00e1kup zariaden\u00ed &#8211; vodorovn\u00e9ho fr\u00e9zovacieho a vyv\u0155tavacieho stroja a pr\u00edslu\u0161enstva<\/h3>\n<div class=\"gdlr-shortcode-wrapper gdlr-row-shortcode\">\r\n<div class=\"eight columns\"><div class=\"gdlr-item gdlr-column-shortcode\">uzatvorenej pod\u013ea \u00a7 409 Obchodn\u00e9ho z\u00e1konn\u00edka \u010d. 513\/1991 Zb., p\u00edsm. E \u00a7 3, ods. 2) z\u00e1kona \u010d. 25\/2006 Z.z. o verejnom obstar\u00e1van\u00ed.<\/div><\/div>\r\n<div class=\"four columns\"><div class=\"gdlr-item gdlr-column-shortcode\">\r\n<p style=\"text-align: right;\"><a class=\"gdlr-button medium with-border\" href=\"https:\/\/www.bamusteelworks.com\/wp-content\/uploads\/2014\/05\/Okibamu.pdf\" target=\"_blank\"  style=\"color:#ffffff; background-color:#E1001A; border-color:#004595; \"  >Stiahnu\u0165 PDF<\/a><\/div><\/div>\r\n<div class=\"clear\"><\/div><\/div><\/p>\n","protected":false},"excerpt":{"rendered":"<p>N\u00e1zov projektu: Dod\u00e1vka vodorovn\u00e9ho fr\u00e9zovacieho a vyv\u0155tavacieho stroja Zverejnenie zmluvy na n\u00e1kup zariaden\u00ed &#8211; vodorovn\u00e9ho fr\u00e9zovacieho a vyv\u0155tavacieho stroja a pr\u00edslu\u0161enstva<\/p>\n","protected":false},"author":1,"featured_media":0,"parent":2110,"menu_order":99,"comment_status":"closed","ping_status":"closed","template":"","meta":{"_aioseo_title":"","_aioseo_description":"","footnotes":""},"class_list":["post-2104","page","type-page","status-publish"],"_links":{"self":[{"href":"https:\/\/www.bamusteelworks.com\/sk\/wp-json\/wp\/v2\/pages\/2104","targetHints":{"allow":["GET"]}}],"collection":[{"href":"https:\/\/www.bamusteelworks.com\/sk\/wp-json\/wp\/v2\/pages"}],"about":[{"href":"https:\/\/www.bamusteelworks.com\/sk\/wp-json\/wp\/v2\/types\/page"}],"author":[{"embeddable":true,"href":"https:\/\/www.bamusteelworks.com\/sk\/wp-json\/wp\/v2\/users\/1"}],"replies":[{"embeddable":true,"href":"https:\/\/www.bamusteelworks.com\/sk\/wp-json\/wp\/v2\/comments?post=2104"}],"version-history":[{"count":2,"href":"https:\/\/www.bamusteelworks.com\/sk\/wp-json\/wp\/v2\/pages\/2104\/revisions"}],"predecessor-version":[{"id":2106,"href":"https:\/\/www.bamusteelworks.com\/sk\/wp-json\/wp\/v2\/pages\/2104\/revisions\/2106"}],"up":[{"embeddable":true,"href":"https:\/\/www.bamusteelworks.com\/sk\/wp-json\/wp\/v2\/pages\/2110"}],"wp:attachment":[{"href":"https:\/\/www.bamusteelworks.com\/sk\/wp-json\/wp\/v2\/media?parent=2104"}],"curies":[{"name":"wp","href":"https:\/\/api.w.org\/{rel}","templated":true}]}}