{"id":1643,"date":"2015-10-08T13:37:58","date_gmt":"2015-10-08T11:37:58","guid":{"rendered":"https:\/\/www.bamusteelworks.com\/sk\/qualita\/"},"modified":"2025-12-09T12:51:57","modified_gmt":"2025-12-09T11:51:57","slug":"qualita","status":"publish","type":"page","link":"https:\/\/www.bamusteelworks.com\/sk\/qualita\/","title":{"rendered":"KVALITA"},"content":{"rendered":"<p>Spolo\u010dnos\u0165 BAMU sa rozhodla certifikova\u0165 svoju pr\u00e1cu, aby zaru\u010dila v\u00fdrobn\u00fa kvalitu a kvalitu technologick\u00fdch inov\u00e1ci\u00ed.<\/p>\n<p><em>Z\u00e1ujemcovia o stiahnutie certifik\u00e1tov spolo\u010dnos\u0165 BAMU n\u00e1s m\u00f4\u017eu kontaktova\u0165 <a href=\"http:\/\/www.bamu.it\/sito-bamu\/sk\/contatti\/\">kliknut\u00edm sem.<\/a><\/em><\/p>\n<h2 class=\"gdlr-heading-shortcode \"  style=\"color: #e1001a;\" >CERTIFIK\u00c1CIE SPOLO\u010cNOSTI BAMU <\/h2>\n<h4>CERTIFIK\u00c1CIA UNI EN ISO 9001<\/h4>\n<div class=\"gdlr-shortcode-wrapper gdlr-row-shortcode\">\n<div class=\"six columns\"><div class=\"gdlr-item gdlr-column-shortcode\">Spolo\u010dnos\u0165 BAMU si od roku 2011 vybrala certifik\u00e1ciu UNI EN ISO 9001, aby zaru\u010dila v\u00fdrobn\u00fa kvalitu a kvalitu technologick\u00fdch inov\u00e1ci\u00ed.<\/div><\/div>\n<div class=\"six columns\"><div class=\"gdlr-item gdlr-column-shortcode\">\n\n<div class=\"gdlr-shortcode-wrapper\"><div class=\"gdlr-gallery-item gdlr-item\" ><div class=\"gallery-column twelve columns\"><div class=\"gallery-item\"><a href=\"https:\/\/www.bamusteelworks.com\/wp-content\/uploads\/2025\/12\/BAMU-Certifikat-STN-EN-ISO-9001-SK-23.11.2028.webp\" data-fancybox-group=\"gdlr-gal-1\" data-rel=\"fancybox\" ><img loading=\"lazy\" decoding=\"async\" src=\"https:\/\/www.bamusteelworks.com\/wp-content\/uploads\/2025\/12\/BAMU-Certifikat-STN-EN-ISO-9001-SK-23.11.2028-150x150.webp\" alt=\"\" width=\"150\" height=\"150\" \/><\/a><span class=\"gallery-caption\"><\/span><\/div><\/div><div class=\"clear\"><\/div><\/div><\/div>\n\n<\/div><\/div>\n<div class=\"clear\"><\/div><\/div>\n<div class=\"gdlr-shortcode-wrapper\"><div class=\"clear\"><\/div><div class=\"gdlr-item gdlr-divider-item\"  ><div class=\"gdlr-divider solid\"  style=\"width: 100%;\" ><\/div><\/div><\/div>\n<h4>CERTIFIK\u00c1CIA UNI EN 1090-1 + A1<\/h4>\n<div class=\"gdlr-shortcode-wrapper gdlr-row-shortcode\">\n<div class=\"six columns\"><div class=\"gdlr-item gdlr-column-shortcode\">Od janu\u00e1ra 2014 sa spolo\u010dnos\u0165 BAMU m\u00f4\u017ee pochv\u00e1li\u0165 touto d\u00f4le\u017eitou certifik\u00e1ciou, ktor\u00e1 posudzuje zhodu kon\u0161truk\u010dn\u00fdch dielcov\u00a0na zhotovovanie oce\u013eov\u00fdch a hlin\u00edkov\u00fdch kon\u0161trukci\u00ed - ozna\u010denie CE.<\/div><\/div>\n<div class=\"six columns\"><div class=\"gdlr-item gdlr-column-shortcode\">\n\n<div class=\"gdlr-shortcode-wrapper\"><div class=\"gdlr-gallery-item gdlr-item\" ><div class=\"gallery-column twelve columns\"><div class=\"gallery-item\"><a href=\"https:\/\/www.bamusteelworks.com\/wp-content\/uploads\/2023\/11\/Certifika\u0301t-STN-EN-1090-1-EXC3-SK-21.2.jpg\" data-fancybox-group=\"gdlr-gal-2\" data-rel=\"fancybox\" ><img loading=\"lazy\" decoding=\"async\" src=\"https:\/\/www.bamusteelworks.com\/wp-content\/uploads\/2023\/11\/Certifika\u0301t-STN-EN-1090-1-EXC3-SK-21.2-150x150.jpg\" alt=\"\" width=\"150\" height=\"150\" \/><\/a><span class=\"gallery-caption\"><\/span><\/div><\/div><div class=\"clear\"><\/div><\/div><\/div>\n\n<\/div><\/div>\n<div class=\"clear\"><\/div><\/div>\n<div class=\"gdlr-shortcode-wrapper\"><div class=\"clear\"><\/div><div class=\"gdlr-item gdlr-divider-item\"  ><div class=\"gdlr-divider solid\"  style=\"width: 100%;\" ><\/div><\/div><\/div>\n<h4>CERTIFIK\u00c1CIA UNI EN ISO 3834-2<\/h4>\n<div class=\"gdlr-shortcode-wrapper gdlr-row-shortcode\">\n<div class=\"six columns\"><div class=\"gdlr-item gdlr-column-shortcode\">Od roku 2013 spolo\u010dnos\u0165 BAMU z\u00edskala certifik\u00e1ciu ISO 3834-2, ktor\u00e1 garantuje kvalitu tavn\u00e9ho zv\u00e1rania kovov\u00fdch materi\u00e1lov, pod\u013ea normy na projektovanie a v\u00fdrobu ko\u013eajov\u00fdch vozidiel vz\u0165ahuj\u00facu sa na zv\u00e1ranie kovov\u00fdch s\u00fa\u010diastok.<\/div><\/div>\n<div class=\"six columns\"><div class=\"gdlr-item gdlr-column-shortcode\">\n\n<div class=\"gdlr-shortcode-wrapper\"><div class=\"gdlr-gallery-item gdlr-item\" ><div class=\"gallery-column six columns\"><div class=\"gallery-item\"><a href=\"https:\/\/www.bamusteelworks.com\/wp-content\/uploads\/2023\/11\/Certifika\u0301t-STN-EN-ISO-3834-2-SK-05.06.jpg\" data-fancybox-group=\"gdlr-gal-3\" data-rel=\"fancybox\" ><img loading=\"lazy\" decoding=\"async\" src=\"https:\/\/www.bamusteelworks.com\/wp-content\/uploads\/2023\/11\/Certifika\u0301t-STN-EN-ISO-3834-2-SK-05.06-150x150.jpg\" alt=\"\" width=\"150\" height=\"150\" \/><\/a><span class=\"gallery-caption\"><\/span><\/div><\/div><div class=\"gallery-column six columns\"><div class=\"gallery-item\"><a href=\"https:\/\/www.bamusteelworks.com\/wp-content\/uploads\/2023\/11\/Certifika\u0301t-STN-EN-ISO-3834-2-SK-05.06-retro.jpg\" data-fancybox-group=\"gdlr-gal-3\" data-rel=\"fancybox\" ><img loading=\"lazy\" decoding=\"async\" src=\"https:\/\/www.bamusteelworks.com\/wp-content\/uploads\/2023\/11\/Certifika\u0301t-STN-EN-ISO-3834-2-SK-05.06-retro-150x150.jpg\" alt=\"\" width=\"150\" height=\"150\" \/><\/a><span class=\"gallery-caption\"><\/span><\/div><\/div><div class=\"clear\"><\/div><\/div><\/div>\n\n<\/div><\/div>\n<div class=\"clear\"><\/div><\/div>\n<div class=\"gdlr-shortcode-wrapper\"><div class=\"clear\"><\/div><div class=\"gdlr-item gdlr-divider-item\"  ><div class=\"gdlr-divider solid\"  style=\"width: 100%;\" ><\/div><\/div><\/div>\n<h4>CERTIFIK\u00c1CI UNI EN ISO 15085-2<\/h4>\n<div class=\"gdlr-shortcode-wrapper gdlr-row-shortcode\">\n<div class=\"six columns\"><div class=\"gdlr-item gdlr-column-shortcode\">Od j\u00fana roku 2014 spolo\u010dnos\u0165 BAMU z\u00edskala certifik\u00e1ciu ISO 15085-2, pod\u013ea normy na projektovanie a v\u00fdrobu ko\u013eajov\u00fdch vozidiel vz\u0165ahuj\u00facu sa na zv\u00e1ranie kovov\u00fdch s\u00fa\u010diastok.<\/div><\/div>\n<div class=\"six columns\"><div class=\"gdlr-item gdlr-column-shortcode\">\n\n<div class=\"gdlr-shortcode-wrapper\"><div class=\"gdlr-gallery-item gdlr-item\" ><div class=\"gallery-column six columns\"><div class=\"gallery-item\"><a href=\"https:\/\/www.bamusteelworks.com\/wp-content\/uploads\/2023\/11\/Certifika\u0301t-STN-EN-ISO-15085-2-CL1-SK-29.05.jpg\" data-fancybox-group=\"gdlr-gal-4\" data-rel=\"fancybox\" ><img loading=\"lazy\" decoding=\"async\" src=\"https:\/\/www.bamusteelworks.com\/wp-content\/uploads\/2023\/11\/Certifika\u0301t-STN-EN-ISO-15085-2-CL1-SK-29.05-150x150.jpg\" alt=\"\" width=\"150\" height=\"150\" \/><\/a><span class=\"gallery-caption\"><\/span><\/div><\/div><div class=\"gallery-column six columns\"><div class=\"gallery-item\"><a href=\"https:\/\/www.bamusteelworks.com\/wp-content\/uploads\/2023\/11\/Certifika\u0301t-STN-EN-ISO-15085-2-CL1-SK-29.05-retro.jpg\" data-fancybox-group=\"gdlr-gal-4\" data-rel=\"fancybox\" ><img loading=\"lazy\" decoding=\"async\" src=\"https:\/\/www.bamusteelworks.com\/wp-content\/uploads\/2023\/11\/Certifika\u0301t-STN-EN-ISO-15085-2-CL1-SK-29.05-retro-150x150.jpg\" alt=\"\" width=\"150\" height=\"150\" \/><\/a><span class=\"gallery-caption\"><\/span><\/div><\/div><div class=\"clear\"><\/div><\/div><\/div>\n\n<\/div><\/div>\n<div class=\"clear\"><\/div><\/div>\n<div class=\"gdlr-shortcode-wrapper\"><div class=\"clear\"><\/div><div class=\"gdlr-item gdlr-divider-item\"  ><div class=\"gdlr-divider solid\"  style=\"width: 100%;\" ><\/div><\/div><\/div>\n<h4>CERTIFIK\u00c1CIA UNI EN ISO 14001<\/h4>\n<div class=\"gdlr-shortcode-wrapper gdlr-row-shortcode\">\n<div class=\"six columns\"><div class=\"gdlr-item gdlr-column-shortcode\">Od roku 2023 sa spolo\u010dnos\u0165 Bamu rozhodla certifikova\u0165 svoje v\u00fdrobn\u00e9 procesy prostredn\u00edctvom normy EN ISO 14001. Norma, ktor\u00e1 sa v s\u00fa\u010dasnom nastaven\u00ed st\u00e1va \u010doraz d\u00f4le\u017eitej\u0161ou, \u0161pecifikuje po\u017eiadavky na syst\u00e9m environment\u00e1lneho mana\u017e\u00e9rstva, ktor\u00fd m\u00f4\u017ee zodpovedn\u00e1 organiz\u00e1cia pou\u017ei\u0165 na zlep\u0161enie jeho environment\u00e1lneho spr\u00e1vania.<\/div><\/div>\n<div class=\"six columns\"><div class=\"gdlr-item gdlr-column-shortcode\">\n\n<div class=\"gdlr-shortcode-wrapper\"><div class=\"gdlr-gallery-item gdlr-item\" ><div class=\"gallery-column twelve columns\"><div class=\"gallery-item\"><a href=\"https:\/\/www.bamusteelworks.com\/wp-content\/uploads\/2025\/12\/BAMU-Certifikat-STN-EN-ISO-14001-SK-23.11.2028.webp\" data-fancybox-group=\"gdlr-gal-5\" data-rel=\"fancybox\" ><img loading=\"lazy\" decoding=\"async\" src=\"https:\/\/www.bamusteelworks.com\/wp-content\/uploads\/2025\/12\/BAMU-Certifikat-STN-EN-ISO-14001-SK-23.11.2028-150x150.webp\" alt=\"\" width=\"150\" height=\"150\" \/><\/a><span class=\"gallery-caption\"><\/span><\/div><\/div><div class=\"clear\"><\/div><\/div><\/div>\n\n<\/div><\/div>\n<div class=\"clear\"><\/div><\/div>\n<div class=\"gdlr-shortcode-wrapper\"><div class=\"clear\"><\/div><div class=\"gdlr-item gdlr-divider-item\"  ><div class=\"gdlr-divider solid\"  style=\"width: 100%;\" ><\/div><\/div><\/div>\n<h2 class=\"gdlr-heading-shortcode \"  style=\"color: #e1001a;\" >KVALITA PRE SPOLO\u010cNOS\u0164 BAMU<\/h2>\n<h4>Politika kvality spolo\u010dnosti BAMU<\/h4>\n<p>Cie\u013eom spolo\u010dnosti je zabezpe\u010di\u0165 si prosperitu a zdrav\u00e9 fungovanie v kr\u00e1tkodobom, strednodobom a dlhodobom horizonte.<br \/>\nSpolo\u010dnos\u0165 je presved\u010den\u00e1, \u017ee z\u00e1kladnou podmienkou pre uskuto\u010dnenie tohto cie\u013ea je z\u00edska\u0165 v\u00fdznamn\u00fa poz\u00edciu na trhu, na ktorom p\u00f4sob\u00ed. Tento cie\u013e sa bude sna\u017ei\u0165 dosiahnu hlavne prostredn\u00edctvom uspokojovan\u00edm po\u017eiadaviek plyn\u00facich zo zml\u00fav.<\/p>\n<h4>Dosiahnutie cie\u013eov<\/h4>\n<p>Z\u00edskanie tejto poz\u00edcie je podriaden\u00e9 nasledovn\u00fdm faktorom:<\/p>\n<ul>\n<li>dosiahnu\u0165 ekonomick\u00e9 v\u00fdsledky, ktor\u00e9, okrem poskytovania primeran\u00e9ho zisku vo vz\u0165ahu k investovanej \u010diastke, umo\u017enia pl\u00e1nova\u0165 potrebn\u00e9 invest\u00edcie do v\u00fdvoja procesov a produktov;<\/li>\n<li>v\u0161\u00edma\u0165 si potreby a v\u00fdvoj na trhu, a n\u00e1sledne stanovi\u0165 strat\u00e9gie na produkty a slu\u017eby;<\/li>\n<li>udr\u017eiava\u0165 neust\u00e1le modernizovanie t\u00fdkaj\u00face sa pou\u017e\u00edvan\u00fdch technol\u00f3gii v procesoch;<\/li>\n<li>neust\u00e1le posudzova\u0165 a eventu\u00e1lne vyu\u017e\u00edva\u0165 dostupnos\u0165 extern\u00fdch zdrojov, ktor\u00e9 by mohli prispie\u0165 k zlep\u0161eniu v\u00fdrobn\u00fdch procesov;<\/li>\n<li>formova\u0165 a zap\u00e1ja\u0165 zamestnancov tak\u00fdm sp\u00f4sobom, aby ich profesionalita bola adekv\u00e1tna k \u00farovni vykon\u00e1van\u00fdch \u010dinnosti a k nej sa pridala potrebn\u00e1 snaha zo strany pracovn\u00edkov.<\/li>\n<\/ul>\n<p>Riadenie ka\u017ed\u00e9ho z jednotliv\u00fdch vy\u0161\u0161ie uveden\u00fdch faktorov a ich vz\u00e1jomn\u00e1 s\u00fa\u010dinnos\u0165 mus\u00ed by\u0165 vykon\u00e1van\u00e1 prostredn\u00edctvom starostliv\u00e9ho pl\u00e1novania a d\u00f4slednej kontroly podnikov\u00fdch procesov.<\/p>\n<h4>Povinnosti spolo\u010dnosti<\/h4>\n<p>Na z\u00e1klade vy\u0161\u0161ie uveden\u00e9ho vypl\u00fdva, \u017ee pre spolo\u010dnos\u0165 je nevyhnutn\u00e9:<\/p>\n<ul>\n<li>definova\u0165 prostredn\u00edctvom syst\u00e9mu riadenia kvality, ten s\u00fabor pl\u00e1novan\u00fdch a systematick\u00fdch \u010dinnost\u00ed, ktor\u00e9 s\u00fa nevyhnutn\u00e9 na zabezpe\u010denie kontroly a zlep\u0161enia t\u00fdch parametrov vlastn\u00fdch \u010dinnost\u00ed, ktor\u00e9 maj\u00fa vplyv na produkt a proces;<\/li>\n<li>vynalo\u017ei\u0165 \u00fasilie, aby po\u017eiadavky tohto syst\u00e9mu boli neust\u00e1le uspokojovan\u00e9 a aby boli pl\u00e1novan\u00e9 a udr\u017eiavan\u00e9 akt\u00edvne procesy zlep\u0161ovania.<\/li>\n<\/ul>\n<p>Procesy zlep\u0161ovania musia vych\u00e1dza\u0165 zo z\u00e1v\u00e4zku prijat\u00e9ho spolo\u010dnos\u0165ou v pl\u00e1novan\u00ed programov, ktor\u00e9 sa uskuto\u010d\u0148uj\u00fa so stanovenou periodicitou a ktor\u00e9 definuj\u00fa:<\/p>\n<ul>\n<li>\u0161pecifick\u00e9 ciele;<\/li>\n<li>term\u00edny a zodpovednos\u0165 za ich dosiahnutie;<\/li>\n<li>objekt\u00edvne krit\u00e9ri\u00e1, na z\u00e1klade ktor\u00fdch sa hodnotia dosiahnut\u00e9 v\u00fdsledky.<\/li>\n<\/ul>\n<h4>Vedenie sa zav\u00e4zuje<\/h4>\n<ul>\n<li>dohodn\u00fa\u0165 si so z\u00e1kazn\u00edkom sp\u00f4sob komunik\u00e1cie, ktor\u00fd umo\u017e\u0148uje definova\u0165 jeho po\u017eiadavky a to, \u010do dok\u00e1\u017ee tieto po\u017eiadavky uspokoji\u0165;<\/li>\n<li>dokumentova\u0165 organiz\u00e1ciu podniku tak\u00fdm sp\u00f4sobom, aby jasne ur\u010dovali zodpovednos\u0165, kompetencie a vz\u00e1jomn\u00e9 vz\u0165ahy medzi podnikov\u00fdmi oddeleniami;<\/li>\n<li>da\u0165 mand\u00e1t v\u0161etk\u00fdm ved\u00facim pracovn\u00edkom podniku, aby mohli zadefinova\u0165 a vhodn\u00fdm sp\u00f4sobom uspokoji\u0165 po\u017eiadavky tak na n\u00e1strojov\u00e9 ako aj profesion\u00e1lne zdroje;<\/li>\n<li>vybavi\u0165 podnik syst\u00e9mom riadenia kvality v s\u00falade s normou UNI EN ISO 9001:2008, pri\u010dom na tento \u00fa\u010del prirad\u00ed jedn\u00e9mu \u010dlenovi z riadiacej \u0161trukt\u00fary zodpovednos\u0165 vytvori\u0165, aplikova\u0165 a udr\u017eiava\u0165 akt\u00edvny tento syst\u00e9m a pod\u00e1va\u0165 spr\u00e1vy vedeniu o \u010dinnosti samotn\u00e9ho syst\u00e9mu;<\/li>\n<li>presk\u00fama\u0165 Syst\u00e9m riadenia kvality vo vopred stanoven\u00fdch intervaloch s cie\u013eom overi\u0165 jeho vhodnos\u0165 pri uspokojovan\u00ed po\u017eiadaviek pr\u00edslu\u0161n\u00fdch noriem, pri nap\u013a\u0148an\u00ed tejto politiky a pri dosahovan\u00ed stanoven\u00fdch cie\u013eov;<\/li>\n<li>ozn\u00e1mi\u0165 t\u00fato politiku v r\u00e1mci organiz\u00e1cie a zabezpe\u010di\u0165, aby bola v tomto prostred\u00ed plne obsiahnut\u00e1;<\/li>\n<li>presk\u00fama\u0165 t\u00fato politiku vo vopred ur\u010den\u00fdch intervaloch s cie\u013eom pos\u00fadi\u0165 efekt\u00edvnos\u0165, ktor\u00e1 je od nej odvoden\u00e1, pri veden\u00ed v podnikovej realite.<\/li>\n<\/ul>\n","protected":false},"excerpt":{"rendered":"<p>Spolo\u010dnos\u0165 BAMU sa rozhodla certifikova\u0165 svoju pr\u00e1cu, aby zaru\u010dila v\u00fdrobn\u00fa kvalitu a kvalitu technologick\u00fdch inov\u00e1ci\u00ed. Z\u00e1ujemcovia o stiahnutie certifik\u00e1tov spolo\u010dnos\u0165 BAMU n\u00e1s m\u00f4\u017eu kontaktova\u0165 kliknut\u00edm sem. CERTIFIK\u00c1CIA UNI EN ISO 9001 CERTIFIK\u00c1CIA UNI EN 1090-1 + A1 CERTIFIK\u00c1CIA UNI EN ISO 3834-2 CERTIFIK\u00c1CI UNI EN ISO 15085-2 CERTIFIK\u00c1CIA UNI EN ISO 14001 Politika kvality spolo\u010dnosti&#8230; <\/p>\n<div class=\"clear\"><\/div>\n<p><a href=\"https:\/\/www.bamusteelworks.com\/sk\/qualita\/\" class=\"gdlr-info-font excerpt-read-more\">Read More<\/a><\/p>\n","protected":false},"author":1,"featured_media":0,"parent":0,"menu_order":6,"comment_status":"closed","ping_status":"closed","template":"","meta":{"_aioseo_title":"","_aioseo_description":"","footnotes":""},"class_list":["post-1643","page","type-page","status-publish"],"_links":{"self":[{"href":"https:\/\/www.bamusteelworks.com\/sk\/wp-json\/wp\/v2\/pages\/1643","targetHints":{"allow":["GET"]}}],"collection":[{"href":"https:\/\/www.bamusteelworks.com\/sk\/wp-json\/wp\/v2\/pages"}],"about":[{"href":"https:\/\/www.bamusteelworks.com\/sk\/wp-json\/wp\/v2\/types\/page"}],"author":[{"embeddable":true,"href":"https:\/\/www.bamusteelworks.com\/sk\/wp-json\/wp\/v2\/users\/1"}],"replies":[{"embeddable":true,"href":"https:\/\/www.bamusteelworks.com\/sk\/wp-json\/wp\/v2\/comments?post=1643"}],"version-history":[{"count":10,"href":"https:\/\/www.bamusteelworks.com\/sk\/wp-json\/wp\/v2\/pages\/1643\/revisions"}],"predecessor-version":[{"id":5666,"href":"https:\/\/www.bamusteelworks.com\/sk\/wp-json\/wp\/v2\/pages\/1643\/revisions\/5666"}],"wp:attachment":[{"href":"https:\/\/www.bamusteelworks.com\/sk\/wp-json\/wp\/v2\/media?parent=1643"}],"curies":[{"name":"wp","href":"https:\/\/api.w.org\/{rel}","templated":true}]}}