{"id":1628,"date":"2010-03-18T16:25:26","date_gmt":"2010-03-18T16:25:26","guid":{"rendered":"https:\/\/www.bamusteelworks.com\/sk\/applicazioni\/autocarri\/"},"modified":"2025-12-02T12:24:01","modified_gmt":"2025-12-02T11:24:01","slug":"autocarri","status":"publish","type":"page","link":"https:\/\/www.bamusteelworks.com\/sk\/oblasti-uplatnenia\/autocarri\/","title":{"rendered":"v sektore n\u00e1kladn\u00fdch \u00e1ut"},"content":{"rendered":"\n<figure class=\"wp-block-gallery has-nested-images columns-4 is-cropped wp-block-gallery-1 is-layout-flex wp-block-gallery-is-layout-flex\">\n<figure class=\"wp-block-image size-large\"><a href=\"https:\/\/www.bamusteelworks.com\/wp-content\/uploads\/2010\/03\/bamu-settore-autocarri.gif\"><img loading=\"lazy\" decoding=\"async\" width=\"1024\" height=\"565\" data-id=\"1339\" src=\"https:\/\/www.bamusteelworks.com\/wp-content\/uploads\/2010\/03\/bamu-settore-autocarri-1024x565.gif\" alt=\"\" class=\"wp-image-1339\" srcset=\"https:\/\/www.bamusteelworks.com\/wp-content\/uploads\/2010\/03\/bamu-settore-autocarri-1024x565.gif 1024w, https:\/\/www.bamusteelworks.com\/wp-content\/uploads\/2010\/03\/bamu-settore-autocarri-300x165.gif 300w\" sizes=\"auto, (max-width: 1024px) 100vw, 1024px\" \/><\/a><\/figure>\n\n\n\n<figure class=\"wp-block-image size-large\"><a href=\"https:\/\/www.bamusteelworks.com\/wp-content\/uploads\/2010\/03\/bamu-settore-autocarri.jpg\"><img loading=\"lazy\" decoding=\"async\" width=\"929\" height=\"622\" data-id=\"1340\" src=\"https:\/\/www.bamusteelworks.com\/wp-content\/uploads\/2010\/03\/bamu-settore-autocarri.jpg\" alt=\"\" class=\"wp-image-1340\" srcset=\"https:\/\/www.bamusteelworks.com\/wp-content\/uploads\/2010\/03\/bamu-settore-autocarri.jpg 929w, https:\/\/www.bamusteelworks.com\/wp-content\/uploads\/2010\/03\/bamu-settore-autocarri-300x201.jpg 300w\" sizes=\"auto, (max-width: 929px) 100vw, 929px\" \/><\/a><\/figure>\n<\/figure>\n","protected":false},"excerpt":{"rendered":"","protected":false},"author":1,"featured_media":0,"parent":1587,"menu_order":13,"comment_status":"closed","ping_status":"closed","template":"","meta":{"_aioseo_title":"","_aioseo_description":"","footnotes":""},"class_list":["post-1628","page","type-page","status-publish"],"_links":{"self":[{"href":"https:\/\/www.bamusteelworks.com\/sk\/wp-json\/wp\/v2\/pages\/1628","targetHints":{"allow":["GET"]}}],"collection":[{"href":"https:\/\/www.bamusteelworks.com\/sk\/wp-json\/wp\/v2\/pages"}],"about":[{"href":"https:\/\/www.bamusteelworks.com\/sk\/wp-json\/wp\/v2\/types\/page"}],"author":[{"embeddable":true,"href":"https:\/\/www.bamusteelworks.com\/sk\/wp-json\/wp\/v2\/users\/1"}],"replies":[{"embeddable":true,"href":"https:\/\/www.bamusteelworks.com\/sk\/wp-json\/wp\/v2\/comments?post=1628"}],"version-history":[{"count":3,"href":"https:\/\/www.bamusteelworks.com\/sk\/wp-json\/wp\/v2\/pages\/1628\/revisions"}],"predecessor-version":[{"id":5274,"href":"https:\/\/www.bamusteelworks.com\/sk\/wp-json\/wp\/v2\/pages\/1628\/revisions\/5274"}],"up":[{"embeddable":true,"href":"https:\/\/www.bamusteelworks.com\/sk\/wp-json\/wp\/v2\/pages\/1587"}],"wp:attachment":[{"href":"https:\/\/www.bamusteelworks.com\/sk\/wp-json\/wp\/v2\/media?parent=1628"}],"curies":[{"name":"wp","href":"https:\/\/api.w.org\/{rel}","templated":true}]}}