{"id":1587,"date":"2009-04-03T11:38:19","date_gmt":"2009-04-03T11:38:19","guid":{"rendered":"https:\/\/www.bamusteelworks.com\/sk\/applicazioni\/"},"modified":"2025-12-03T13:09:31","modified_gmt":"2025-12-03T12:09:31","slug":"oblasti-uplatnenia","status":"publish","type":"page","link":"https:\/\/www.bamusteelworks.com\/sk\/oblasti-uplatnenia\/","title":{"rendered":"OBLASTI UPLATNENIA"},"content":{"rendered":"<div id=\"pageContentWrapper\">\n<p><em><\/p>\n<div style=\"text-align: center\" ><\/em>\r\n\r\n<em><h2 class=\"gdlr-heading-shortcode \"  style=\"font-size: 35px;font-weight: 100;\" >V\u010faka neust\u00e1lym technologick\u00fdm inov\u00e1ci\u00e1m a \u0161irok\u00fdm odborn\u00fdm vedomostiam z\u00edskavan\u00fdch v priebehu rokov, spravila spolo\u010dnos\u0165 BAMU z flexibility jednu zo svojich siln\u00fdch str\u00e1nok, ktor\u00e9 m\u00f4\u017ee pon\u00faka\u0165 najr\u00f4znej\u0161\u00edm v\u00fdrobn\u00fdm sektorom.<\/h2><\/em>\r\n\r\n<h3 class=\"gdlr-heading-shortcode \"  style=\"color: #66767E;font-size: 32px;font-weight: 100;\" >Spolo\u010dnos\u0165 BAMU je u\u017e roky spo\u013eahliv\u00fdm partnerom pre najv\u00e4\u010d\u0161\u00edch v\u00fdrobcov:<\/h3><em><\/div>\n<p><\/em><\/p>\n<\/div>\n","protected":false},"excerpt":{"rendered":"<p>Grazie alla costante innovazione tecnologica e alla vasta competenza acquisita negli anni BAMU fa della flessibilit\u00e0 uno dei suoi punti di forza, un servizio da offrire ai pi\u00f9 diversi settori produttivi<\/p>\n","protected":false},"author":1,"featured_media":0,"parent":0,"menu_order":5,"comment_status":"closed","ping_status":"closed","template":"","meta":{"_aioseo_title":"BAMU | Carpenteria industriale | subforniture","_aioseo_description":"Grazie alla costante innovazione tecnologica e alla vasta competenza acquisita negli anni BAMU fa della flessibilit\u00e0 uno dei suoi punti di forza, un servizio da offrire ai pi\u00f9 diversi settori produttivi","footnotes":""},"class_list":["post-1587","page","type-page","status-publish"],"_links":{"self":[{"href":"https:\/\/www.bamusteelworks.com\/sk\/wp-json\/wp\/v2\/pages\/1587","targetHints":{"allow":["GET"]}}],"collection":[{"href":"https:\/\/www.bamusteelworks.com\/sk\/wp-json\/wp\/v2\/pages"}],"about":[{"href":"https:\/\/www.bamusteelworks.com\/sk\/wp-json\/wp\/v2\/types\/page"}],"author":[{"embeddable":true,"href":"https:\/\/www.bamusteelworks.com\/sk\/wp-json\/wp\/v2\/users\/1"}],"replies":[{"embeddable":true,"href":"https:\/\/www.bamusteelworks.com\/sk\/wp-json\/wp\/v2\/comments?post=1587"}],"version-history":[{"count":10,"href":"https:\/\/www.bamusteelworks.com\/sk\/wp-json\/wp\/v2\/pages\/1587\/revisions"}],"predecessor-version":[{"id":5635,"href":"https:\/\/www.bamusteelworks.com\/sk\/wp-json\/wp\/v2\/pages\/1587\/revisions\/5635"}],"wp:attachment":[{"href":"https:\/\/www.bamusteelworks.com\/sk\/wp-json\/wp\/v2\/media?parent=1587"}],"curies":[{"name":"wp","href":"https:\/\/api.w.org\/{rel}","templated":true}]}}