{"id":1580,"date":"2009-04-03T11:38:32","date_gmt":"2009-04-03T11:38:32","guid":{"rendered":"https:\/\/www.bamusteelworks.com\/sk\/chi-siamo\/i-3-buoni-motivi-per-scegliere-bamu\/"},"modified":"2016-07-29T12:33:40","modified_gmt":"2016-07-29T10:33:40","slug":"i-3-buoni-motivi-per-scegliere-bamu","status":"publish","type":"page","link":"https:\/\/www.bamusteelworks.com\/sk\/chi-siamo\/i-3-buoni-motivi-per-scegliere-bamu\/","title":{"rendered":"M\u00c1\u0160 TRI DOBR\u00c9 D\u00d4VODY NA TO, ABY SI SI VYBRAL SPOLO\u010cNOST&#8216; BAMU"},"content":{"rendered":"<h2 class=\"gdlr-heading-shortcode \"  style=\"font-size: 32px;font-weight: 100;\" >M\u00c1\u0160 TRI DOBR\u00c9 D\u00d4VODY NA TO, ABY SI SI VYBRAL SPOLO\u010cNOST' BAMU<\/h2>\n<h3 class=\"gdlr-heading-shortcode with-background \"  style=\"color: #ffffff;background-color: #004595;font-size: <em>22<\/em>px;font-weight: bold;\" >1. TALIANSKA BRILANTNOS\u0164<\/h3>\n<p>Ke\u010f si vyberie\u0161 spolo\u010dnos\u0165 Bamu m\u00e1\u0161 k dispoz\u00edcii podporu a poradenstvo t\u00edmu spolo\u010dnost\u00ed so v\u0161estrannou odbornos\u0165ou v navrhovan\u00ed strojov\u00fdch zariaden\u00ed s pokro\u010dil\u00fdm technologick\u00fdm vybaven\u00edm. Sk\u00fasenosti z\u00edskavan\u00e9 za viac ako 40 rokov fungovania podniku bud\u00fa na\u010d\u00fava\u0165 tvojim potreb\u00e1m a bud\u00fa podporova\u0165 spolo\u010dnos\u0165 Bamu so v\u0161etkou brilantnos\u0165ou, flexibilitou a schopnos\u0165ou stara\u0165 sa o z\u00e1kazn\u00edka \u2013 charakteristiky typicky talianske.<\/p>\n<h3 class=\"gdlr-heading-shortcode with-background \"  style=\"color: #ffffff;background-color: #004595;font-size: <em>22<\/em>px;font-weight: bold;\" >2. NEMECK\u00c1 KVALITA<\/h3>\n<p>Spolo\u010dnos\u0165 Bamu z\u00edskala v\u0161etky najd\u00f4le\u017eitej\u0161ie certifik\u00e1cie v oblasti zv\u00e1rania, aby zabezpe\u010dila kon\u0161tantn\u00fa kvalitu pre svoje procesy a pre fin\u00e1lne v\u00fdrobky.<\/p>\n<h4>ISO 9001:2009 | UNI ISO 3834-2:2006 | EN 15085-2 | EN 1090-2:2009 + A1:2011<\/h4>\n<p>Tieto certifik\u00e1cie potvrdzuj\u00fa schopnos\u0165 spolo\u010dnosti Bamu <span lang=\"sk-SK\">dod\u00e1va\u0165<\/span> hotov\u00e9 v\u00fdrobky s kvalitou na najvy\u0161\u0161ej eur\u00f3pskej \u00farovni, ktor\u00e1 v ni\u010dom nezaost\u00e1va za nemeckou kvalitou.<\/p>\n<h3 class=\"gdlr-heading-shortcode with-background \"  style=\"color: #ffffff;background-color: #004595;font-size: <em>22<\/em>px;font-weight: bold;\" >3. SLOVENSK\u00c1 V\u00ddROBA<\/h3>\n<p>Spolo\u010dnos\u0165 Bamu, ktor\u00e1 vznikla v roku 2007 v\u010faka n\u00e1padu jej zakladate\u013eov a spolo\u010dn\u00edkov, st\u00e1le kvalitat\u00edvne r\u00e1stla. Ke\u010f\u017ee sa neust\u00e1le pevne dr\u017e\u00ed vo svojej oblasti, m\u00f4\u017ee naplno vyu\u017ei\u0165 v\u0161etky v\u00fdhody z tohto vypl\u00fdvaj\u00face. Jej korene a t\u00fa\u017eba konfrontova\u0165 sa na eur\u00f3pskej sc\u00e9ne umo\u017e\u0148uj\u00fa spolo\u010dnosti Bamu spr\u00e1vne namie\u0161a\u0165 v\u0161etky tieto ingrediencie a doda\u0165 v\u00fdrobok s talianskou brilantnos\u0165ou, nemeckou kvalitou a navy\u0161e za viac ako konkurencieschopn\u00fa cenu.<\/p>\n","protected":false},"excerpt":{"rendered":"<p>BAMU \u00e8 autonoma al 100% nell\u2019evasione delle commesse, in quanto sono presenti in azienda tutte le risorse, il materiale e gli impianti per eseguire una commessa dall\u2019idea iniziale fino al prodotto finito.<\/p>\n","protected":false},"author":1,"featured_media":0,"parent":1570,"menu_order":3,"comment_status":"closed","ping_status":"closed","template":"","meta":{"_aioseo_title":"BAMU | Carpenteria industriale | il nostro lavoro","_aioseo_description":"BAMU \u00e8 autonoma al 100% nell\u2019evasione delle commesse, in quanto sono presenti in azienda tutte le risorse, il materiale e gli impianti per eseguire una commessa dall\u2019idea iniziale fino al prodotto finito.","footnotes":""},"class_list":["post-1580","page","type-page","status-publish"],"_links":{"self":[{"href":"https:\/\/www.bamusteelworks.com\/sk\/wp-json\/wp\/v2\/pages\/1580","targetHints":{"allow":["GET"]}}],"collection":[{"href":"https:\/\/www.bamusteelworks.com\/sk\/wp-json\/wp\/v2\/pages"}],"about":[{"href":"https:\/\/www.bamusteelworks.com\/sk\/wp-json\/wp\/v2\/types\/page"}],"author":[{"embeddable":true,"href":"https:\/\/www.bamusteelworks.com\/sk\/wp-json\/wp\/v2\/users\/1"}],"replies":[{"embeddable":true,"href":"https:\/\/www.bamusteelworks.com\/sk\/wp-json\/wp\/v2\/comments?post=1580"}],"version-history":[{"count":4,"href":"https:\/\/www.bamusteelworks.com\/sk\/wp-json\/wp\/v2\/pages\/1580\/revisions"}],"predecessor-version":[{"id":2079,"href":"https:\/\/www.bamusteelworks.com\/sk\/wp-json\/wp\/v2\/pages\/1580\/revisions\/2079"}],"up":[{"embeddable":true,"href":"https:\/\/www.bamusteelworks.com\/sk\/wp-json\/wp\/v2\/pages\/1570"}],"wp:attachment":[{"href":"https:\/\/www.bamusteelworks.com\/sk\/wp-json\/wp\/v2\/media?parent=1580"}],"curies":[{"name":"wp","href":"https:\/\/api.w.org\/{rel}","templated":true}]}}