{"id":1706,"date":"2010-03-10T11:53:37","date_gmt":"2010-03-10T11:53:37","guid":{"rendered":"https:\/\/www.bamusteelworks.com\/en\/servizi\/"},"modified":"2018-05-24T11:49:17","modified_gmt":"2018-05-24T09:49:17","slug":"servizi","status":"publish","type":"page","link":"https:\/\/www.bamusteelworks.com\/en\/servizi\/","title":{"rendered":"Services"},"content":{"rendered":"","protected":false},"excerpt":{"rendered":"<p>La qualit\u00e0 dei  manufatti di BAMU non pu\u00f2 prescindere da un ufficio tecnico interno in grado di leggere, analizzare e sviluppare il disegno nella maniera pi\u00f9 performante e adatta alle esigenze del cliente.<\/p>\n","protected":false},"author":1,"featured_media":0,"parent":0,"menu_order":4,"comment_status":"closed","ping_status":"closed","template":"","meta":{"_aioseo_title":"BAMU | Carpenteria industriale | Ufficio Tecnico","_aioseo_description":"La qualit\u00e0 dei  manufatti di BAMU non pu\u00f2 prescindere da un ufficio tecnico interno in grado di leggere, analizzare e sviluppare il disegno nella maniera pi\u00f9 performante e adatta alle esigenze del cliente.","footnotes":""},"class_list":["post-1706","page","type-page","status-publish"],"_links":{"self":[{"href":"https:\/\/www.bamusteelworks.com\/en\/wp-json\/wp\/v2\/pages\/1706","targetHints":{"allow":["GET"]}}],"collection":[{"href":"https:\/\/www.bamusteelworks.com\/en\/wp-json\/wp\/v2\/pages"}],"about":[{"href":"https:\/\/www.bamusteelworks.com\/en\/wp-json\/wp\/v2\/types\/page"}],"author":[{"embeddable":true,"href":"https:\/\/www.bamusteelworks.com\/en\/wp-json\/wp\/v2\/users\/1"}],"replies":[{"embeddable":true,"href":"https:\/\/www.bamusteelworks.com\/en\/wp-json\/wp\/v2\/comments?post=1706"}],"version-history":[{"count":2,"href":"https:\/\/www.bamusteelworks.com\/en\/wp-json\/wp\/v2\/pages\/1706\/revisions"}],"predecessor-version":[{"id":1708,"href":"https:\/\/www.bamusteelworks.com\/en\/wp-json\/wp\/v2\/pages\/1706\/revisions\/1708"}],"wp:attachment":[{"href":"https:\/\/www.bamusteelworks.com\/en\/wp-json\/wp\/v2\/media?parent=1706"}],"curies":[{"name":"wp","href":"https:\/\/api.w.org\/{rel}","templated":true}]}}